{"id":10071,"date":"2022-06-03T11:12:33","date_gmt":"2022-06-03T08:12:33","guid":{"rendered":"https:\/\/workbebek.com\/?page_id=10071"},"modified":"2022-06-03T11:12:33","modified_gmt":"2022-06-03T08:12:33","slug":"serviced-office","status":"publish","type":"page","link":"https:\/\/workbebek.com\/?page_id=10071","title":{"rendered":"Serviced Office"},"content":{"rendered":"<p>[vc_row][vc_column width=&#8221;2\/3&#8243;]<div class=\"heading  header-underline align-left transform-default icon-type-hidden heading-tag-h2\" id=\"like_sc_header_551995596\"><h2 class=\"header ltx-sr-id-like_sc_header_55199559663119953 ltx-sr ltx-sr-effect-fade_in ltx-sr-el-block ltx-sr-delay-0 ltx-sr-duration-1000 ltx-sr-sequences-0\">Serviced Office<\/h2><\/div>[vc_column_text]You can rent the office that fits your budget in our ready office solutions. You can start working immediately without wasting time with details such as office furniture, internet, electricity, water, heating and dues.<\/p>\n<p>Work@Bebek for pick-up service, parking, rest areas, uninterrupted internet, cargo pick-up and more!<\/p>\n<p>Ready-made offices that will meet all your needs are waiting for you in the most prestigious location of Istanbul, alone or with your team of 5-6 people.<\/p>\n<p>Contact us to determine the serviced office and other plans that are right for you.[\/vc_column_text][vc_gallery type=&#8221;flexslider_slide&#8221; interval=&#8221;3&#8243; images=&#8221;9962,9961,9960,9959&#8243; img_size=&#8221;760&#215;570&#8243;][\/vc_column][vc_column width=&#8221;1\/3&#8243;]<div class=\"heading  header-underline align-left transform-default icon-type-hidden heading-tag-h2\" id=\"like_sc_header_46356200\"><h2 class=\"header ltx-sr-id-like_sc_header_463562001849127269 ltx-sr ltx-sr-effect-fade_in ltx-sr-el-block ltx-sr-delay-0 ltx-sr-duration-1000 ltx-sr-sequences-0\">Get Offer<\/h2><\/div><div class=\"ltx-contact-form-7 transform- form-right form-gray form-bg-gray form-style- form-btn- form-btn- form-padding-default \" id=\"like_sc_contact_form_7_973213585\"><div role=\"form\" class=\"wpcf7\" id=\"wpcf7-f10069-o1\" lang=\"en-US\" dir=\"ltr\">\n<div class=\"screen-reader-response\"><p role=\"status\" aria-live=\"polite\" aria-atomic=\"true\"><\/p> <ul><\/ul><\/div>\n<form action=\"\/index.php?rest_route=%2Fwp%2Fv2%2Fpages%2F10071#wpcf7-f10069-o1\" method=\"post\" class=\"wpcf7-form init\" novalidate=\"novalidate\" data-status=\"init\">\n<div style=\"display: none;\">\n<input type=\"hidden\" name=\"_wpcf7\" value=\"10069\" \/>\n<input type=\"hidden\" name=\"_wpcf7_version\" value=\"5.5.6.1\" \/>\n<input type=\"hidden\" name=\"_wpcf7_locale\" value=\"en_US\" \/>\n<input type=\"hidden\" name=\"_wpcf7_unit_tag\" value=\"wpcf7-f10069-o1\" \/>\n<input type=\"hidden\" name=\"_wpcf7_container_post\" value=\"0\" \/>\n<input type=\"hidden\" name=\"_wpcf7_posted_data_hash\" value=\"\" \/>\n<\/div>\n<div class=\"row\">\n<div class=\"col-md-12\">\n<span class=\"wpcf7-form-control-wrap your-name\"><input type=\"text\" name=\"your-name\" value=\"\" size=\"40\" class=\"wpcf7-form-control wpcf7-text wpcf7-validates-as-required\" aria-required=\"true\" aria-invalid=\"false\" placeholder=\"Name\" \/><\/span>\n  <\/div>\n<div class=\"col-md-12\">\n<span class=\"wpcf7-form-control-wrap your-email\"><input type=\"text\" name=\"your-email\" value=\"\" size=\"40\" class=\"wpcf7-form-control wpcf7-text wpcf7-validates-as-required\" aria-required=\"true\" aria-invalid=\"false\" placeholder=\"E-Mail\" \/><\/span>\n  <\/div>\n<div class=\"col-md-12\">\n<span class=\"wpcf7-form-control-wrap your-phone\"><input type=\"text\" name=\"your-phone\" value=\"\" size=\"40\" class=\"wpcf7-form-control wpcf7-text wpcf7-validates-as-required\" aria-required=\"true\" aria-invalid=\"false\" placeholder=\"Phone\" \/><\/span>\n  <\/div>\n<\/div>\n<p><span class=\"wpcf7-form-control-wrap your-message\"><textarea name=\"your-message\" cols=\"40\" rows=\"10\" class=\"wpcf7-form-control wpcf7-textarea\" aria-invalid=\"false\" placeholder=\"Message\"><\/textarea><\/span><\/p>\n<p><input type=\"submit\" value=\"Send\" class=\"wpcf7-form-control has-spinner wpcf7-submit\" \/><\/p>\n<div class=\"wpcf7-response-output\" aria-hidden=\"true\"><\/div><\/form><\/div><\/div>[\/vc_column][\/vc_row][vc_row][vc_column]<ul class=\"ltx-block-icon  icons-count-8 align-center ltx-icon-color-main ltx-icon-size-sm ltx-header-color-default ltx-icon-type-circle ltx-bg-color-transparent layout-cols4 ltx-icon-top  row centered\"  id=\"like_sc_block_icon_337961033\"><li class=\" col-lg-3 col-md-6 col-sm-6 col-ms-12 col-xs-12\" ><div  data-mh=\"ltx-block-icon-in-1780\" class=\"in matchHeight\"><span class=\"ltx-icon fas fa-wifi bg-transparent\" data-mh=\"ltx-icon-span-like_sc_block_icon_337961033\"><\/span> <h6 class=\"header\"> \u0130nternet Kullan\u0131m\u0131 <\/h6> <\/div><\/li><li class=\" col-lg-3 col-md-6 col-sm-6 col-ms-12 col-xs-12\" ><div  data-mh=\"ltx-block-icon-in-1780\" class=\"in matchHeight\"><span class=\"ltx-icon fas fa-coffee bg-transparent\" data-mh=\"ltx-icon-span-like_sc_block_icon_337961033\"><\/span> <h6 class=\"header\"> \u00c7ay &amp; Kahve <\/h6> <\/div><\/li><li class=\" col-lg-3 col-md-6 col-sm-6 col-ms-12 col-xs-12\" ><div  data-mh=\"ltx-block-icon-in-1780\" class=\"in matchHeight\"><span class=\"ltx-icon fas fa-print bg-transparent\" data-mh=\"ltx-icon-span-like_sc_block_icon_337961033\"><\/span> <h6 class=\"header\"> Yaz\u0131c\u0131 &amp; Taray\u0131c\u0131 <\/h6> <\/div><\/li><li class=\" col-lg-3 col-md-6 col-sm-6 col-ms-12 col-xs-12\" ><div  data-mh=\"ltx-block-icon-in-1780\" class=\"in matchHeight\"><span class=\"ltx-icon fas fa-parking bg-transparent\" data-mh=\"ltx-icon-span-like_sc_block_icon_337961033\"><\/span> <h6 class=\"header\"> Park Alan\u0131 <\/h6> <\/div><\/li><li class=\" col-lg-3 col-md-6 col-sm-6 col-ms-12 col-xs-12\" ><div  data-mh=\"ltx-block-icon-in-1780\" class=\"in matchHeight\"><span class=\"ltx-icon icon-cabinet bg-transparent\" data-mh=\"ltx-icon-span-like_sc_block_icon_337961033\"><\/span> <h6 class=\"header\"> Kilitli Dolap <\/h6> <\/div><\/li><li class=\" col-lg-3 col-md-6 col-sm-6 col-ms-12 col-xs-12\" ><div  data-mh=\"ltx-block-icon-in-1780\" class=\"in matchHeight\"><span class=\"ltx-icon icon-projector bg-transparent\" data-mh=\"ltx-icon-span-like_sc_block_icon_337961033\"><\/span> <h6 class=\"header\"> Toplant\u0131 Odas\u0131 <\/h6> <\/div><\/li><li class=\" col-lg-3 col-md-6 col-sm-6 col-ms-12 col-xs-12\" ><div  data-mh=\"ltx-block-icon-in-1780\" class=\"in matchHeight\"><span class=\"ltx-icon icon-area bg-transparent\" data-mh=\"ltx-icon-span-like_sc_block_icon_337961033\"><\/span> <h6 class=\"header\"> Fark\u0131 Alan Se\u00e7enekleri <\/h6> <\/div><\/li><li class=\" col-lg-3 col-md-6 col-sm-6 col-ms-12 col-xs-12\" ><div  data-mh=\"ltx-block-icon-in-1780\" class=\"in matchHeight\"><span class=\"ltx-icon fas fa-smoking bg-transparent\" data-mh=\"ltx-icon-span-like_sc_block_icon_337961033\"><\/span> <h6 class=\"header\"> Balkon <\/h6> <\/div><\/li><\/ul>[\/vc_column][\/vc_row]<\/p>\n","protected":false},"excerpt":{"rendered":"<p>[vc_row][vc_column width=&#8221;2\/3&#8243;][vc_column_text]You can rent the office that fits your budget in our ready office solutions. You can start working immediately without wasting time with details such as office furniture, internet, electricity, water, heating and dues. Work@Bebek for pick-up service, parking, rest areas, uninterrupted internet, cargo pick-up and more! Ready-made offices that will meet all your needs are waiting for you in the most prestigious location of Istanbul, alone or with your team of 5-6 people. Contact us to determine the serviced office and other plans that are right for you.[\/vc_column_text][vc_gallery type=&#8221;flexslider_slide&#8221; interval=&#8221;3&#8243; images=&#8221;9962,9961,9960,9959&#8243; img_size=&#8221;760&#215;570&#8243;][\/vc_column][vc_column width=&#8221;1\/3&#8243;][\/vc_column][\/vc_row][vc_row][vc_column][\/vc_column][\/vc_row]<\/p>\n","protected":false},"author":1,"featured_media":0,"parent":0,"menu_order":0,"comment_status":"closed","ping_status":"closed","template":"page-templates\/full-width.php","meta":{"footnotes":""},"class_list":["post-10071","page","type-page","status-publish","hentry"],"_links":{"self":[{"href":"https:\/\/workbebek.com\/index.php?rest_route=\/wp\/v2\/pages\/10071","targetHints":{"allow":["GET"]}}],"collection":[{"href":"https:\/\/workbebek.com\/index.php?rest_route=\/wp\/v2\/pages"}],"about":[{"href":"https:\/\/workbebek.com\/index.php?rest_route=\/wp\/v2\/types\/page"}],"author":[{"embeddable":true,"href":"https:\/\/workbebek.com\/index.php?rest_route=\/wp\/v2\/users\/1"}],"replies":[{"embeddable":true,"href":"https:\/\/workbebek.com\/index.php?rest_route=%2Fwp%2Fv2%2Fcomments&post=10071"}],"version-history":[{"count":1,"href":"https:\/\/workbebek.com\/index.php?rest_route=\/wp\/v2\/pages\/10071\/revisions"}],"predecessor-version":[{"id":10072,"href":"https:\/\/workbebek.com\/index.php?rest_route=\/wp\/v2\/pages\/10071\/revisions\/10072"}],"wp:attachment":[{"href":"https:\/\/workbebek.com\/index.php?rest_route=%2Fwp%2Fv2%2Fmedia&parent=10071"}],"curies":[{"name":"wp","href":"https:\/\/api.w.org\/{rel}","templated":true}]}}