{"id":9938,"date":"2022-05-25T11:34:40","date_gmt":"2022-05-25T08:34:40","guid":{"rendered":"https:\/\/workbebek.com\/?page_id=9938"},"modified":"2025-03-18T21:58:52","modified_gmt":"2025-03-18T18:58:52","slug":"hakkimizda","status":"publish","type":"page","link":"https:\/\/workbebek.com\/?page_id=9938","title":{"rendered":"HAKKIMIZDA"},"content":{"rendered":"<p>[vc_row][vc_column]<div class=\"heading  header-underline align-left transform-default icon-type-hidden heading-tag-h2\" id=\"like_sc_header_1865952386\"><h2 class=\"header ltx-sr-id-like_sc_header_1865952386837229666 ltx-sr ltx-sr-effect-fade_in ltx-sr-el-block ltx-sr-delay-0 ltx-sr-duration-1000 ltx-sr-sequences-0\">HAKKIMIZDA<\/h2><\/div>[vc_column_text]Work@Bebek 2021 y\u0131l\u0131nda \u0130stanbul\u2019un en g\u00f6zde konumunda, kurumlar\u0131n, giri\u015fimcilerin ve profesyonellerin ofis ihtiya\u00e7lar\u0131na konforlu ve daha uygun maliyetlerde \u00e7\u00f6z\u00fcmler sunmak i\u00e7in kurulmu\u015ftur. Donan\u0131ml\u0131 ofisler ve deneyimli personel kadromuz ile m\u00fc\u015fterilerimiz i\u00e7in en iyi ofis ve toplant\u0131 odas\u0131 deneyimini sunmaya haz\u0131r\u0131z.<\/p>\n<p>Hedefimiz mobil \u00e7al\u0131\u015fan, profesyonel kadro ile \u00e7al\u0131\u015fan veya ofisinde s\u0131k bulunmayan i\u015fletmelerin ofis giderlerinizi en aza indirmektir.<\/p>\n<p>Work@Bebek olarak sanal ofis, haz\u0131r ofis, coworking(ortak \u00e7al\u0131\u015fma alan\u0131), toplant\u0131 odas\u0131 gibi ana hizmetlerimizin yan\u0131 s\u0131ra, otopark, elektrik, su, \u0131s\u0131nma, telefon kar\u015f\u0131lama gibi hizmetlerden i\u00e7in tek bir fatura \u00f6deyerek yararlanman\u0131z\u0131 sa\u011fl\u0131yoruz.[\/vc_column_text]<div class=\"es-resp\">\t<div class=\"visible-xl\" style=\"height: 32px;\"><\/div>\t<div class=\"hidden-xl hidden-md hidden-sm hidden-ms hidden-xs\" style=\"height: 32px;\"><\/div>\t<div class=\"visible-md\" style=\"height: 32px;\"><\/div>\t<div class=\"visible-sm \" style=\"height: 32px;\"><\/div>\t<div class=\"visible-ms\" style=\"height: 32px;\"><\/div>\t<div class=\"visible-xs\" style=\"height: 32px;\"><\/div><\/div>[\/vc_column][\/vc_row]<\/p>\n","protected":false},"excerpt":{"rendered":"<p>[vc_row][vc_column][vc_column_text]Work@Bebek 2021 y\u0131l\u0131nda \u0130stanbul\u2019un en g\u00f6zde konumunda, kurumlar\u0131n, giri\u015fimcilerin ve profesyonellerin ofis ihtiya\u00e7lar\u0131na konforlu ve daha uygun maliyetlerde \u00e7\u00f6z\u00fcmler sunmak i\u00e7in kurulmu\u015ftur. Donan\u0131ml\u0131 ofisler ve deneyimli personel kadromuz ile m\u00fc\u015fterilerimiz i\u00e7in en iyi ofis ve toplant\u0131 odas\u0131 deneyimini sunmaya haz\u0131r\u0131z. Hedefimiz mobil \u00e7al\u0131\u015fan, profesyonel kadro ile \u00e7al\u0131\u015fan veya ofisinde s\u0131k bulunmayan i\u015fletmelerin ofis giderlerinizi en aza indirmektir. Work@Bebek olarak sanal ofis, haz\u0131r ofis, coworking(ortak \u00e7al\u0131\u015fma alan\u0131), toplant\u0131 odas\u0131 gibi ana hizmetlerimizin yan\u0131 s\u0131ra, otopark, elektrik, su, \u0131s\u0131nma, telefon kar\u015f\u0131lama gibi hizmetlerden i\u00e7in tek bir fatura \u00f6deyerek yararlanman\u0131z\u0131 sa\u011fl\u0131yoruz.[\/vc_column_text][\/vc_column][\/vc_row]<\/p>\n","protected":false},"author":1,"featured_media":0,"parent":0,"menu_order":0,"comment_status":"closed","ping_status":"closed","template":"page-templates\/full-width.php","meta":{"footnotes":""},"class_list":["post-9938","page","type-page","status-publish","hentry"],"_links":{"self":[{"href":"https:\/\/workbebek.com\/index.php?rest_route=\/wp\/v2\/pages\/9938","targetHints":{"allow":["GET"]}}],"collection":[{"href":"https:\/\/workbebek.com\/index.php?rest_route=\/wp\/v2\/pages"}],"about":[{"href":"https:\/\/workbebek.com\/index.php?rest_route=\/wp\/v2\/types\/page"}],"author":[{"embeddable":true,"href":"https:\/\/workbebek.com\/index.php?rest_route=\/wp\/v2\/users\/1"}],"replies":[{"embeddable":true,"href":"https:\/\/workbebek.com\/index.php?rest_route=%2Fwp%2Fv2%2Fcomments&post=9938"}],"version-history":[{"count":3,"href":"https:\/\/workbebek.com\/index.php?rest_route=\/wp\/v2\/pages\/9938\/revisions"}],"predecessor-version":[{"id":10062,"href":"https:\/\/workbebek.com\/index.php?rest_route=\/wp\/v2\/pages\/9938\/revisions\/10062"}],"wp:attachment":[{"href":"https:\/\/workbebek.com\/index.php?rest_route=%2Fwp%2Fv2%2Fmedia&parent=9938"}],"curies":[{"name":"wp","href":"https:\/\/api.w.org\/{rel}","templated":true}]}}