{"id":9943,"date":"2022-05-25T11:48:41","date_gmt":"2022-05-25T08:48:41","guid":{"rendered":"https:\/\/workbebek.com\/?page_id=9943"},"modified":"2022-06-03T10:31:09","modified_gmt":"2022-06-03T07:31:09","slug":"coworking","status":"publish","type":"page","link":"https:\/\/workbebek.com\/?page_id=9943","title":{"rendered":"COWORKING"},"content":{"rendered":"<p>[vc_row][vc_column width=&#8221;2\/3&#8243;]<div class=\"heading  header-underline align-left transform-default icon-type-hidden heading-tag-h2\" id=\"like_sc_header_1095996601\"><h2 class=\"header ltx-sr-id-like_sc_header_10959966011701071770 ltx-sr ltx-sr-effect-fade_in ltx-sr-el-block ltx-sr-delay-0 ltx-sr-duration-1000 ltx-sr-sequences-0\">Coworking<\/h2><\/div>[vc_column_text]Work@Bebek Coworking alanlar\u0131nda diledi\u011finiz masay\u0131 se\u00e7in ve \u00e7al\u0131\u015fmaya ba\u015flay\u0131n. Se\u00e7ti\u011finiz masada \u00e7al\u0131\u015fma zamanlar\u0131n\u0131z\u0131 kendiniz belirleyebilir ve t\u00fcm hizmetlerden faydalanabilirsiniz.<\/p>\n<p>Ortak \u00e7al\u0131\u015fma alanlar\u0131m\u0131zda bir ofiste ihtiya\u00e7 duydu\u011funuz t\u00fcm \u00f6zellikler mevcuttur. T\u00fcm bunlar\u0131n d\u0131\u015f\u0131nda elektrik, su, \u0131s\u0131nma, internet vb. masraflar\u0131n\u0131 dert etmenize gerek yok.<\/p>\n<p>Se\u00e7ti\u011finiz masay\u0131 saatlik, g\u00fcnl\u00fck veya ayl\u0131k olarak kiralayabilirsiniz.[\/vc_column_text][vc_gallery type=&#8221;flexslider_slide&#8221; interval=&#8221;3&#8243; images=&#8221;9946,9947,9948,9949&#8243; img_size=&#8221;760&#215;570&#8243;][\/vc_column][vc_column width=&#8221;1\/3&#8243;]<div class=\"heading  header-underline align-left transform-default icon-type-hidden heading-tag-h2\" id=\"like_sc_header_329839717\"><h2 class=\"header ltx-sr-id-like_sc_header_329839717908395700 ltx-sr ltx-sr-effect-fade_in ltx-sr-el-block ltx-sr-delay-0 ltx-sr-duration-1000 ltx-sr-sequences-0\">Teklif Al<\/h2><\/div><div class=\"ltx-contact-form-7 transform- form-right form-gray form-bg-gray form-style- form-btn- form-btn- form-padding-default \" id=\"like_sc_contact_form_7_167289910\"><div role=\"form\" class=\"wpcf7\" id=\"wpcf7-f1555-o1\" lang=\"en-US\" dir=\"ltr\">\n<div class=\"screen-reader-response\"><p role=\"status\" aria-live=\"polite\" aria-atomic=\"true\"><\/p> <ul><\/ul><\/div>\n<form action=\"\/index.php?rest_route=%2Fwp%2Fv2%2Fpages%2F9943#wpcf7-f1555-o1\" method=\"post\" class=\"wpcf7-form init\" novalidate=\"novalidate\" data-status=\"init\">\n<div style=\"display: none;\">\n<input type=\"hidden\" name=\"_wpcf7\" value=\"1555\" \/>\n<input type=\"hidden\" name=\"_wpcf7_version\" value=\"5.5.6.1\" \/>\n<input type=\"hidden\" name=\"_wpcf7_locale\" value=\"en_US\" \/>\n<input type=\"hidden\" name=\"_wpcf7_unit_tag\" value=\"wpcf7-f1555-o1\" \/>\n<input type=\"hidden\" name=\"_wpcf7_container_post\" value=\"0\" \/>\n<input type=\"hidden\" name=\"_wpcf7_posted_data_hash\" value=\"\" \/>\n<\/div>\n<div class=\"row\">\n<div class=\"col-md-12\">\n<span class=\"wpcf7-form-control-wrap your-name\"><input type=\"text\" name=\"your-name\" value=\"\" size=\"40\" class=\"wpcf7-form-control wpcf7-text wpcf7-validates-as-required\" aria-required=\"true\" aria-invalid=\"false\" placeholder=\"Ad Soyad\" \/><\/span>\n  <\/div>\n<div class=\"col-md-12\">\n<span class=\"wpcf7-form-control-wrap your-email\"><input type=\"text\" name=\"your-email\" value=\"\" size=\"40\" class=\"wpcf7-form-control wpcf7-text wpcf7-validates-as-required\" aria-required=\"true\" aria-invalid=\"false\" placeholder=\"E-Posta\" \/><\/span>\n  <\/div>\n<div class=\"col-md-12\">\n<span class=\"wpcf7-form-control-wrap your-phone\"><input type=\"text\" name=\"your-phone\" value=\"\" size=\"40\" class=\"wpcf7-form-control wpcf7-text wpcf7-validates-as-required\" aria-required=\"true\" aria-invalid=\"false\" placeholder=\"Telefon\" \/><\/span>\n  <\/div>\n<\/div>\n<p><span class=\"wpcf7-form-control-wrap your-message\"><textarea name=\"your-message\" cols=\"40\" rows=\"10\" class=\"wpcf7-form-control wpcf7-textarea\" aria-invalid=\"false\" placeholder=\"Mesaj\"><\/textarea><\/span><\/p>\n<p><input type=\"submit\" value=\"G\u00f6nder\" class=\"wpcf7-form-control has-spinner wpcf7-submit\" \/><\/p>\n<div class=\"wpcf7-response-output\" aria-hidden=\"true\"><\/div><\/form><\/div><\/div>[\/vc_column][\/vc_row][vc_row][vc_column]<ul class=\"ltx-block-icon  icons-count-4 align-center ltx-icon-color-main ltx-icon-size-sm ltx-header-color-default ltx-icon-type-circle ltx-bg-color-transparent layout-cols4 ltx-icon-top  row centered\"  id=\"like_sc_block_icon_404588262\"><li class=\" col-lg-3 col-md-6 col-sm-6 col-ms-12 col-xs-12\" ><div  data-mh=\"ltx-block-icon-in-1607\" class=\"in matchHeight\"><span class=\"ltx-icon fas fa-wifi bg-transparent\" data-mh=\"ltx-icon-span-like_sc_block_icon_404588262\"><\/span> <h6 class=\"header\"> \u0130nternet Kullan\u0131m\u0131 <\/h6> <\/div><\/li><li class=\" col-lg-3 col-md-6 col-sm-6 col-ms-12 col-xs-12\" ><div  data-mh=\"ltx-block-icon-in-1607\" class=\"in matchHeight\"><span class=\"ltx-icon fas fa-coffee bg-transparent\" data-mh=\"ltx-icon-span-like_sc_block_icon_404588262\"><\/span> <h6 class=\"header\"> \u00c7ay &amp; Kahve <\/h6> <\/div><\/li><li class=\" col-lg-3 col-md-6 col-sm-6 col-ms-12 col-xs-12\" ><div  data-mh=\"ltx-block-icon-in-1607\" class=\"in matchHeight\"><span class=\"ltx-icon fas fa-print bg-transparent\" data-mh=\"ltx-icon-span-like_sc_block_icon_404588262\"><\/span> <h6 class=\"header\"> Yaz\u0131c\u0131 &amp; Taray\u0131c\u0131 <\/h6> <\/div><\/li><li class=\" col-lg-3 col-md-6 col-sm-6 col-ms-12 col-xs-12\" ><div  data-mh=\"ltx-block-icon-in-1607\" class=\"in matchHeight\"><span class=\"ltx-icon fas fa-parking bg-transparent\" data-mh=\"ltx-icon-span-like_sc_block_icon_404588262\"><\/span> <h6 class=\"header\"> Park Alan\u0131 <\/h6> <\/div><\/li><\/ul>[\/vc_column][\/vc_row]<\/p>\n","protected":false},"excerpt":{"rendered":"<p>[vc_row][vc_column width=&#8221;2\/3&#8243;][vc_column_text]Work@Bebek Coworking alanlar\u0131nda diledi\u011finiz masay\u0131 se\u00e7in ve \u00e7al\u0131\u015fmaya ba\u015flay\u0131n. Se\u00e7ti\u011finiz masada \u00e7al\u0131\u015fma zamanlar\u0131n\u0131z\u0131 kendiniz belirleyebilir ve t\u00fcm hizmetlerden faydalanabilirsiniz. Ortak \u00e7al\u0131\u015fma alanlar\u0131m\u0131zda bir ofiste ihtiya\u00e7 duydu\u011funuz t\u00fcm \u00f6zellikler mevcuttur. T\u00fcm bunlar\u0131n d\u0131\u015f\u0131nda elektrik, su, \u0131s\u0131nma, internet vb. masraflar\u0131n\u0131 dert etmenize gerek yok. Se\u00e7ti\u011finiz masay\u0131 saatlik, g\u00fcnl\u00fck veya ayl\u0131k olarak kiralayabilirsiniz.[\/vc_column_text][vc_gallery type=&#8221;flexslider_slide&#8221; interval=&#8221;3&#8243; images=&#8221;9946,9947,9948,9949&#8243; img_size=&#8221;760&#215;570&#8243;][\/vc_column][vc_column width=&#8221;1\/3&#8243;][\/vc_column][\/vc_row][vc_row][vc_column][\/vc_column][\/vc_row]<\/p>\n","protected":false},"author":1,"featured_media":0,"parent":0,"menu_order":0,"comment_status":"closed","ping_status":"closed","template":"page-templates\/full-width.php","meta":{"footnotes":""},"class_list":["post-9943","page","type-page","status-publish","hentry"],"_links":{"self":[{"href":"https:\/\/workbebek.com\/index.php?rest_route=\/wp\/v2\/pages\/9943","targetHints":{"allow":["GET"]}}],"collection":[{"href":"https:\/\/workbebek.com\/index.php?rest_route=\/wp\/v2\/pages"}],"about":[{"href":"https:\/\/workbebek.com\/index.php?rest_route=\/wp\/v2\/types\/page"}],"author":[{"embeddable":true,"href":"https:\/\/workbebek.com\/index.php?rest_route=\/wp\/v2\/users\/1"}],"replies":[{"embeddable":true,"href":"https:\/\/workbebek.com\/index.php?rest_route=%2Fwp%2Fv2%2Fcomments&post=9943"}],"version-history":[{"count":8,"href":"https:\/\/workbebek.com\/index.php?rest_route=\/wp\/v2\/pages\/9943\/revisions"}],"predecessor-version":[{"id":9957,"href":"https:\/\/workbebek.com\/index.php?rest_route=\/wp\/v2\/pages\/9943\/revisions\/9957"}],"wp:attachment":[{"href":"https:\/\/workbebek.com\/index.php?rest_route=%2Fwp%2Fv2%2Fmedia&parent=9943"}],"curies":[{"name":"wp","href":"https:\/\/api.w.org\/{rel}","templated":true}]}}