{"id":9965,"date":"2022-05-25T15:31:12","date_gmt":"2022-05-25T12:31:12","guid":{"rendered":"https:\/\/workbebek.com\/?page_id=9965"},"modified":"2022-06-10T10:37:42","modified_gmt":"2022-06-10T07:37:42","slug":"sanal-ofis","status":"publish","type":"page","link":"https:\/\/workbebek.com\/?page_id=9965","title":{"rendered":"SANAL OF\u0130S"},"content":{"rendered":"<p>[vc_row][vc_column]<div class=\"heading  header-underline align-left transform-default icon-type-hidden heading-tag-h2\" id=\"like_sc_header_1565697647\"><h2 class=\"header ltx-sr-id-like_sc_header_15656976471698689725 ltx-sr ltx-sr-effect-fade_in ltx-sr-el-block ltx-sr-delay-0 ltx-sr-duration-1000 ltx-sr-sequences-0\">SANAL OF\u0130S<\/h2><\/div>[vc_column_text]Yasal olarak g\u00f6sterebilece\u011finiz firma adresi, tebligat adresi, kargo ve postalar\u0131n teslim al\u0131nmas\u0131, bilgilendirilmesi, size \u00f6zel hat tahsisi, taraf\u0131n\u0131za gelen aramalar\u0131n \u015firketinizin ismiyle yan\u0131tlanmas\u0131, toplant\u0131 odas\u0131 kullan\u0131m\u0131\u2026<\/p>\n<p>Sanal ofis hizmetlerimizde size uygun paketi se\u00e7ebilirsiniz. 6 Ayl\u0131k ve 12 Ayl\u0131k se\u00e7eneklere \u00f6zel kampanya ve di\u011fer kiralama se\u00e7enekleri i\u00e7in bizimle ileti\u015fime ge\u00e7ebilirsiniz.[\/vc_column_text][\/vc_column][\/vc_row][vc_row][vc_column][vc_single_image image=&#8221;10113&#8243; img_size=&#8221;full&#8221;][\/vc_column][\/vc_row][vc_row][vc_column]<div class=\"heading  header-underline align-left transform-default icon-type-hidden heading-tag-h2\" id=\"like_sc_header_244635885\"><h2 class=\"header ltx-sr-id-like_sc_header_2446358852031175888 ltx-sr ltx-sr-effect-fade_in ltx-sr-el-block ltx-sr-delay-0 ltx-sr-duration-1000 ltx-sr-sequences-0\">Teklif Al<\/h2><\/div><div class=\"ltx-contact-form-7 transform- form-right form-gray form-bg-gray form-style- form-btn- form-btn- form-padding-default \" id=\"like_sc_contact_form_7_1648187718\"><div role=\"form\" class=\"wpcf7\" id=\"wpcf7-f1555-o1\" lang=\"en-US\" dir=\"ltr\">\n<div class=\"screen-reader-response\"><p role=\"status\" aria-live=\"polite\" aria-atomic=\"true\"><\/p> <ul><\/ul><\/div>\n<form action=\"\/index.php?rest_route=%2Fwp%2Fv2%2Fpages%2F9965#wpcf7-f1555-o1\" method=\"post\" class=\"wpcf7-form init\" novalidate=\"novalidate\" data-status=\"init\">\n<div style=\"display: none;\">\n<input type=\"hidden\" name=\"_wpcf7\" value=\"1555\" \/>\n<input type=\"hidden\" name=\"_wpcf7_version\" value=\"5.5.6.1\" \/>\n<input type=\"hidden\" name=\"_wpcf7_locale\" value=\"en_US\" \/>\n<input type=\"hidden\" name=\"_wpcf7_unit_tag\" value=\"wpcf7-f1555-o1\" \/>\n<input type=\"hidden\" name=\"_wpcf7_container_post\" value=\"0\" \/>\n<input type=\"hidden\" name=\"_wpcf7_posted_data_hash\" value=\"\" \/>\n<\/div>\n<div class=\"row\">\n<div class=\"col-md-12\">\n<span class=\"wpcf7-form-control-wrap your-name\"><input type=\"text\" name=\"your-name\" value=\"\" size=\"40\" class=\"wpcf7-form-control wpcf7-text wpcf7-validates-as-required\" aria-required=\"true\" aria-invalid=\"false\" placeholder=\"Ad Soyad\" \/><\/span>\n  <\/div>\n<div class=\"col-md-12\">\n<span class=\"wpcf7-form-control-wrap your-email\"><input type=\"text\" name=\"your-email\" value=\"\" size=\"40\" class=\"wpcf7-form-control wpcf7-text wpcf7-validates-as-required\" aria-required=\"true\" aria-invalid=\"false\" placeholder=\"E-Posta\" \/><\/span>\n  <\/div>\n<div class=\"col-md-12\">\n<span class=\"wpcf7-form-control-wrap your-phone\"><input type=\"text\" name=\"your-phone\" value=\"\" size=\"40\" class=\"wpcf7-form-control wpcf7-text wpcf7-validates-as-required\" aria-required=\"true\" aria-invalid=\"false\" placeholder=\"Telefon\" \/><\/span>\n  <\/div>\n<\/div>\n<p><span class=\"wpcf7-form-control-wrap your-message\"><textarea name=\"your-message\" cols=\"40\" rows=\"10\" class=\"wpcf7-form-control wpcf7-textarea\" aria-invalid=\"false\" placeholder=\"Mesaj\"><\/textarea><\/span><\/p>\n<p><input type=\"submit\" value=\"G\u00f6nder\" class=\"wpcf7-form-control has-spinner wpcf7-submit\" \/><\/p>\n<div class=\"wpcf7-response-output\" aria-hidden=\"true\"><\/div><\/form><\/div><\/div><ul class=\"ltx-block-icon  icons-count-8 align-center ltx-icon-color-main ltx-icon-size-sm ltx-header-color-default ltx-icon-type-circle ltx-bg-color-transparent layout-cols4 ltx-icon-top  row centered\"  id=\"like_sc_block_icon_1509908789\"><li class=\" col-lg-3 col-md-6 col-sm-6 col-ms-12 col-xs-12\" ><div  data-mh=\"ltx-block-icon-in-1101\" class=\"in matchHeight\"><span class=\"ltx-icon fas fa-wifi bg-transparent\" data-mh=\"ltx-icon-span-like_sc_block_icon_1509908789\"><\/span> <h6 class=\"header\"> \u0130nternet Kullan\u0131m\u0131 <\/h6> <\/div><\/li><li class=\" col-lg-3 col-md-6 col-sm-6 col-ms-12 col-xs-12\" ><div  data-mh=\"ltx-block-icon-in-1101\" class=\"in matchHeight\"><span class=\"ltx-icon fas fa-coffee bg-transparent\" data-mh=\"ltx-icon-span-like_sc_block_icon_1509908789\"><\/span> <h6 class=\"header\"> \u00c7ay &amp; Kahve <\/h6> <\/div><\/li><li class=\" col-lg-3 col-md-6 col-sm-6 col-ms-12 col-xs-12\" ><div  data-mh=\"ltx-block-icon-in-1101\" class=\"in matchHeight\"><span class=\"ltx-icon fas fa-print bg-transparent\" data-mh=\"ltx-icon-span-like_sc_block_icon_1509908789\"><\/span> <h6 class=\"header\"> Yaz\u0131c\u0131 &amp; Taray\u0131c\u0131 <\/h6> <\/div><\/li><li class=\" col-lg-3 col-md-6 col-sm-6 col-ms-12 col-xs-12\" ><div  data-mh=\"ltx-block-icon-in-1101\" class=\"in matchHeight\"><span class=\"ltx-icon fas fa-parking bg-transparent\" data-mh=\"ltx-icon-span-like_sc_block_icon_1509908789\"><\/span> <h6 class=\"header\"> Park Alan\u0131 <\/h6> <\/div><\/li><li class=\" col-lg-3 col-md-6 col-sm-6 col-ms-12 col-xs-12\" ><div  data-mh=\"ltx-block-icon-in-1101\" class=\"in matchHeight\"><span class=\"ltx-icon icon-cabinet bg-transparent\" data-mh=\"ltx-icon-span-like_sc_block_icon_1509908789\"><\/span> <h6 class=\"header\"> Kilitli Dolap <\/h6> <\/div><\/li><li class=\" col-lg-3 col-md-6 col-sm-6 col-ms-12 col-xs-12\" ><div  data-mh=\"ltx-block-icon-in-1101\" class=\"in matchHeight\"><span class=\"ltx-icon icon-projector bg-transparent\" data-mh=\"ltx-icon-span-like_sc_block_icon_1509908789\"><\/span> <h6 class=\"header\"> Toplant\u0131 Odas\u0131 <\/h6> <\/div><\/li><li class=\" col-lg-3 col-md-6 col-sm-6 col-ms-12 col-xs-12\" ><div  data-mh=\"ltx-block-icon-in-1101\" class=\"in matchHeight\"><span class=\"ltx-icon icon-area bg-transparent\" data-mh=\"ltx-icon-span-like_sc_block_icon_1509908789\"><\/span> <h6 class=\"header\"> Fark\u0131 Alan Se\u00e7enekleri <\/h6> <\/div><\/li><li class=\" col-lg-3 col-md-6 col-sm-6 col-ms-12 col-xs-12\" ><div  data-mh=\"ltx-block-icon-in-1101\" class=\"in matchHeight\"><span class=\"ltx-icon fas fa-smoking bg-transparent\" data-mh=\"ltx-icon-span-like_sc_block_icon_1509908789\"><\/span> <h6 class=\"header\"> Balkon <\/h6> <\/div><\/li><\/ul>[\/vc_column][\/vc_row]<\/p>\n","protected":false},"excerpt":{"rendered":"<p>[vc_row][vc_column][vc_column_text]Yasal olarak g\u00f6sterebilece\u011finiz firma adresi, tebligat adresi, kargo ve postalar\u0131n teslim al\u0131nmas\u0131, bilgilendirilmesi, size \u00f6zel hat tahsisi, taraf\u0131n\u0131za gelen aramalar\u0131n \u015firketinizin ismiyle yan\u0131tlanmas\u0131, toplant\u0131 odas\u0131 kullan\u0131m\u0131\u2026 Sanal ofis hizmetlerimizde size uygun paketi se\u00e7ebilirsiniz. 6 Ayl\u0131k ve 12 Ayl\u0131k se\u00e7eneklere \u00f6zel kampanya ve di\u011fer kiralama se\u00e7enekleri i\u00e7in bizimle ileti\u015fime ge\u00e7ebilirsiniz.[\/vc_column_text][\/vc_column][\/vc_row][vc_row][vc_column][vc_single_image image=&#8221;10113&#8243; img_size=&#8221;full&#8221;][\/vc_column][\/vc_row][vc_row][vc_column][\/vc_column][\/vc_row]<\/p>\n","protected":false},"author":1,"featured_media":0,"parent":0,"menu_order":0,"comment_status":"closed","ping_status":"closed","template":"page-templates\/full-width.php","meta":{"footnotes":""},"class_list":["post-9965","page","type-page","status-publish","hentry"],"_links":{"self":[{"href":"https:\/\/workbebek.com\/index.php?rest_route=\/wp\/v2\/pages\/9965","targetHints":{"allow":["GET"]}}],"collection":[{"href":"https:\/\/workbebek.com\/index.php?rest_route=\/wp\/v2\/pages"}],"about":[{"href":"https:\/\/workbebek.com\/index.php?rest_route=\/wp\/v2\/types\/page"}],"author":[{"embeddable":true,"href":"https:\/\/workbebek.com\/index.php?rest_route=\/wp\/v2\/users\/1"}],"replies":[{"embeddable":true,"href":"https:\/\/workbebek.com\/index.php?rest_route=%2Fwp%2Fv2%2Fcomments&post=9965"}],"version-history":[{"count":8,"href":"https:\/\/workbebek.com\/index.php?rest_route=\/wp\/v2\/pages\/9965\/revisions"}],"predecessor-version":[{"id":10114,"href":"https:\/\/workbebek.com\/index.php?rest_route=\/wp\/v2\/pages\/9965\/revisions\/10114"}],"wp:attachment":[{"href":"https:\/\/workbebek.com\/index.php?rest_route=%2Fwp%2Fv2%2Fmedia&parent=9965"}],"curies":[{"name":"wp","href":"https:\/\/api.w.org\/{rel}","templated":true}]}}